{"id":599,"date":"2023-06-14T20:39:19","date_gmt":"2023-06-14T18:39:19","guid":{"rendered":"https:\/\/bynatdesign.fr\/?page_id=599"},"modified":"2023-10-11T21:09:40","modified_gmt":"2023-10-11T19:09:40","slug":"a-propos-de-bynat-design","status":"publish","type":"page","link":"https:\/\/bynatdesign.fr\/en\/a-propos-de-bynat-design\/","title":{"rendered":"\u00c0 propos de Bynat Design"},"content":{"rendered":"<div class=\"wpb-content-wrapper\"><div  class=\"vc_row vc-row-wrapper default_row_small_paddings dfd-background-dark equal-height-columns mobile-destroy-equal-heights vc-row-destroy-equal-heights-69e5a6a50dab2 aligh-content-verticaly dfd-row-full-height dfd-row-content-middle vc-row-responsive-69e5a6a50dac4 vc_custom_1693819013499\"  data-resolution=\"800\"data-parallax_sense=\"30\"><div class=\"wpb_row row\" >\n\t<div class=\"twelve dfd_col-tabletop-6 dfd_col-laptop-6 dfd_col-mobile-12 columns vc-column-extra-class-69e5a6a50df85 vc_custom_1687288267164\" data-parallax_sense=\"30\">\n\t\t<div class=\"wpb_wrapper\">\n\t\t\t<div class=\"dfd-spacer-module\"  data-units=\"px\" data-wide_resolution=\"1280\" data-wide_size=\"70\" data-normal_resolution=\"1024\" data-normal_size=\"\" data-tablet_resolution=\"800\" data-tablet_size=\"\" data-mobile_resolution=\"480\" data-mobile_size=\"\" style=\"height: 70px;\"><\/div><div id=\"dfd-single-image-module69e5a6a50f4e3-6144\" class=\"dfd-single-image-module portrait-bynat image-center panr cr-animate-gen dfd-img-lazy-load\" data-animate-type = \"transition.slideLeftIn\" ><img decoding=\"async\" src=\"data:image\/svg+xml;charset=utf-8,%3Csvg xmlns%3D'http%3A%2F%2Fwww.w3.org%2F2000%2Fsvg' viewBox%3D'0 0 1576 2171'%2F%3E\" data-src=\"https:\/\/ml2up345k6li.i.optimole.com\/w:auto\/h:auto\/q:mauto\/process:4271\/id:0d33720f572412fc3f98f25b2ea7067a\/https:\/\/bynatdesign.fr\/portrait-natacha-apropos.jpg\" width=\"1576\" height=\"2171\"  alt=\"\u00c0 propos de Natacha architecte et d\u00e9coratrice d'int\u00e9rieur\" \/><\/div><div class=\"dfd-spacer-module\"  data-units=\"px\" data-wide_resolution=\"1280\" data-wide_size=\"70\" data-normal_resolution=\"1024\" data-normal_size=\"\" data-tablet_resolution=\"800\" data-tablet_size=\"\" data-mobile_resolution=\"480\" data-mobile_size=\"\" style=\"height: 70px;\"><\/div>\n\t\t<\/div> <script type=\"text\/javascript\">(function($) {$(\"head\").append(\"<style>@media (max-width: 1279px) and (min-width: 1024px){.columns.vc-column-extra-class-69e5a6a50df85{padding-left: 30px !important;padding-right: 30px !important;}}@media (max-width: 1023px) and (min-width: 800px){.columns.vc-column-extra-class-69e5a6a50df85{margin-top: -3px !important;padding-left: 30px !important;padding-right: 30px !important;}}@media (max-width: 799px){.columns.vc-column-extra-class-69e5a6a50df85{padding-left: 0px !important;padding-right: 0px !important;}}<\/style>\");})(jQuery);<\/script>\n\t<\/div> \n\n\t<div class=\"twelve dfd_col-tabletop-6 dfd_col-laptop-6 dfd_col-mobile-12 columns vc-column-extra-class-69e5a6a50f787 vc_custom_1693818825397\" data-parallax_sense=\"30\">\n\t\t<div class=\"wpb_wrapper\">\n\t\t\t<div class=\"dfd-spacer-module\"  data-units=\"px\" data-wide_resolution=\"1280\" data-wide_size=\"20\" data-normal_resolution=\"1024\" data-normal_size=\"30\" data-tablet_resolution=\"800\" data-tablet_size=\"30\" data-mobile_resolution=\"480\" data-mobile_size=\"30\" style=\"height: 20px;\"><\/div><div class=\"dfd-heading-shortcode\"><div class=\"dfd-heading-module-wrap  text-left style_01 cr-animate-gen dfd-heading-69e5a6a50f90e dfd-disable-resposive-headings\" id=\"dfd-heading-69e5a6a50f90e\" data-animate-type = \"transition.slideLeftBigIn\" ><div class=\"inline-block\"><div class=\"dfd-heading-module\"><div class=\"widget-title dfd-title block-title\" style=\"font-family:Montserrat; font-size: 11px; font-family: MontserratThinItalic; color: #c39f76 !important; line-height: 11px; letter-spacing: 3px; font-weight:bold; \">MY PASSION<\/div><\/div><\/div><\/div><script type=\"text\/javascript\">\r\n\t\t\t\t\t\t\t\t\t(function($) {\r\n\t\t\t\t\t\t\t\t\t\t$(\"head\").append(\"<style>.dfd-heading-69e5a6a50f90e.dfd-heading-module-wrap .dfd-heading-module .dfd-heading-delimiter {margin-top:10px;margin-bottom:10px;}@media only screen and (max-width: 799px) {.dfd-heading-69e5a6a50f90e {text-align: center;}}<\/style>\");\r\n\t\t\t\t\t\t\t\t\t})(jQuery);\r\n\t\t\t\t\t\t\t\t<\/script><\/div><div class=\"dfd-heading-shortcode\"><div class=\"dfd-heading-module-wrap  text-left style_01 cr-animate-gen dfd-heading-69e5a6a50fa99 dfd-disable-resposive-headings\" id=\"dfd-heading-69e5a6a50fa99\" data-animate-type = \"transition.slideLeftBigIn\" ><div class=\"inline-block\"><div class=\"dfd-heading-module\"><h2 class=\"widget-title dfd-title\" style=\"font-family: MontserratThinItalic; \">About me<\/h2><\/div><\/div><\/div><script type=\"text\/javascript\">\r\n\t\t\t\t\t\t\t\t\t(function($) {\r\n\t\t\t\t\t\t\t\t\t\t$(\"head\").append(\"<style>.dfd-heading-69e5a6a50fa99.dfd-heading-module-wrap .dfd-heading-module .dfd-heading-delimiter {margin-top:10px;margin-bottom:10px;}@media (max-width: 799px){.dfd-heading-69e5a6a50fa99 .dfd-title{font-size: 24px !important;letter-spacing: 0px !important;line-height: 32px !important;}}@media only screen and (max-width: 799px) {.dfd-heading-69e5a6a50fa99 {text-align: center;}}<\/style>\");\r\n\t\t\t\t\t\t\t\t\t})(jQuery);\r\n\t\t\t\t\t\t\t\t<\/script><\/div><div class=\"dfd-spacer-module\"  data-units=\"px\" data-wide_resolution=\"1280\" data-wide_size=\"20\" data-normal_resolution=\"1024\" data-normal_size=\"\" data-tablet_resolution=\"800\" data-tablet_size=\"\" data-mobile_resolution=\"480\" data-mobile_size=\"\" style=\"height: 20px;\"><\/div>\n\t<div class=\"wpb_text_column wpb_content_element  cr-animate-gen\" data-animate-type = \"transition.fadeIn\" >\n\t\t<div class=\"wpb_wrapper\">\n\t\t\t\n\t\t<\/div> \n\t<\/div> \n\t<div class=\"wpb_text_column wpb_content_element  wpb_animate_when_almost_visible wpb_fadeIn fadeIn\" >\n\t\t<div class=\"wpb_wrapper\">\n\t\t\t<p>I'm Natacha, married with three children, and my passion for decorating has grown over the years, ever since I was a child.<\/p>\n<p>It reached its peak after my wedding, when I was finally able to shape my own space to my own taste. Following numerous requests for decorating advice from friends and family, and the completion of a training course leading to certification<strong>Architect and interior designer<\/strong>I opened my own interior design practice in 2020.<\/p>\n<p>My passion for interior design and architecture is sincere, and I believe in their positive impact on well-being, both at home and at work, improving quality of life and productivity.<\/p>\n\n\t\t<\/div> \n\t<\/div> <div class=\"dfd-spacer-module\"  data-units=\"px\" data-wide_resolution=\"1280\" data-wide_size=\"30\" data-normal_resolution=\"1024\" data-normal_size=\"30\" data-tablet_resolution=\"800\" data-tablet_size=\"30\" data-mobile_resolution=\"480\" data-mobile_size=\"30\" style=\"height: 30px;\"><\/div><div id=\"dfd-button-gradient69e5a6a50ff19-9484\" class=\"dfd-button-gradient-module-wrap\"><div class=\"dfd-button-module  style-2 normal text-center\"  data-animate=\"1\"  data-animate-type=\"transition.slideUpBigIn\" ><a href=\"https:\/\/bynatdesign.fr\/en\/decoration-architecture-dinterieur\/\" title=\"Voir la prestation d\u00e9coration et d&#039;architecture d&#039;int\u00e9rieur\"  class=\"dfd-button-link  dfd-slide-left\"><span class=\"dfd-button-inner-cover\"><span class=\"dfd-button-text-main\" style=\"\">Interior design<\/span><span class=\"dfd-button-border\"><\/span><\/span><\/a><\/div><script type=\"text\/javascript\">(function($) {$(\"head\").append(\"<style>#dfd-button-gradient69e5a6a50ff19-9484 .dfd-button-link:not(:hover),#dfd-button-gradient69e5a6a50ff19-9484.dfd-button-gradient-module-wrap .dfd-button-link.dfd-3d-rotate .dfd-button-inner-cover.front .dfd-button-text-main,#dfd-button-gradient69e5a6a50ff19-9484.dfd-button-gradient-module-wrap .dfd-button-link:not(:hover) .featured-icon {color: #000000;}#dfd-button-gradient69e5a6a50ff19-9484 .dfd-button-link:hover,#dfd-button-gradient69e5a6a50ff19-9484.dfd-button-gradient-module-wrap .dfd-button-link.dfd-3d-rotate .dfd-button-inner-cover.back .dfd-button-text-main,#dfd-button-gradient69e5a6a50ff19-9484.dfd-button-gradient-module-wrap .dfd-button-link:hover .featured-icon  {color: #ffffff;}#dfd-button-gradient69e5a6a50ff19-9484 .dfd-button-link .dfd-button-inner-cover:before,#dfd-button-gradient69e5a6a50ff19-9484.dfd-button-gradient-module-wrap .dfd-button-link.dfd-fade .dfd-button-inner-cover:before {background: linear-gradient(to right, #ffffff, #ffffff);}<\/style>\");})(jQuery);<\/script><\/div><div class=\"dfd-spacer-module\"  data-units=\"px\" data-wide_resolution=\"1280\" data-wide_size=\"70\" data-normal_resolution=\"1024\" data-normal_size=\"50\" data-tablet_resolution=\"800\" data-tablet_size=\"50\" data-mobile_resolution=\"480\" data-mobile_size=\"50\" style=\"height: 70px;\"><\/div>\n\t\t<\/div> <script type=\"text\/javascript\">(function($) {$(\"head\").append(\"<style>@media (max-width: 1279px) and (min-width: 1024px){.columns.vc-column-extra-class-69e5a6a50f787{padding-left: 0px !important;padding-right: 30px !important;}}@media (max-width: 1023px) and (min-width: 800px){.columns.vc-column-extra-class-69e5a6a50f787{padding-left: 30px !important;padding-right: 30px !important;}}@media (max-width: 799px){.columns.vc-column-extra-class-69e5a6a50f787{padding-left: 20px !important;padding-right: 20px !important;}}<\/style>\");})(jQuery);<\/script>\n\t<\/div> \n<\/div><script type=\"text\/javascript\">(function($) {$(\"head\").append(\"<style>@media (min-width: 800px) and (max-width: 800px) {.vc-row-destroy-equal-heights-69e5a6a50dab2.aligh-content-verticaly.mobile-destroy-equal-heights .dfd-vertical-aligned {top: 0;-webkit-transform: translateY(0);-moz-transform: translateY(0);-o-transform: translateY(0); transform: translateY(0);}.vc-row-destroy-equal-heights-69e5a6a50dab2.vc-row-wrapper.equal-height-columns > .fp-tableCell > .fp-scrollable > .fp-scroller > .row > .columns,.vc-row-destroy-equal-heights-69e5a6a50dab2.vc-row-wrapper.equal-height-columns > .fp-tableCell > .fp-scrollable > .row > .columns,.vc-row-destroy-equal-heights-69e5a6a50dab2.vc-row-wrapper.equal-height-columns > .fp-tableCell > .row > .columns {height: auto;}}@media (max-width: 799px){.vc-row-wrapper.vc-row-responsive-69e5a6a50dac4{margin-top: 0px !important;border-top-width: 0px !important;padding-top: 0px !important;}}<\/style>\");})(jQuery);<\/script><\/div><section data-vc-full-width=\"true\" data-vc-full-width-init=\"false\" class=\"vc_section vc_row-o-full-height vc_section-o-content-middle vc_section-flex\"><div  class=\"vc_row vc-row-wrapper equal-height-columns mobile-destroy-equal-heights vc-row-destroy-equal-heights-69e5a6a51076a aligh-content-verticaly\"  data-resolution=\"800\"data-parallax_sense=\"30\"><div class=\"wpb_row row\" >\n\t<div class=\"six columns vc-column-extra-class-69e5a6a510b10 vc_custom_1697051178811\" data-parallax_sense=\"30\">\n\t\t<div class=\"wpb_wrapper\">\n\t\t\t<div class=\"dfd-spacer-module\"  data-units=\"px\" data-wide_resolution=\"1280\" data-wide_size=\"70\" data-normal_resolution=\"1024\" data-normal_size=\"50\" data-tablet_resolution=\"800\" data-tablet_size=\"50\" data-mobile_resolution=\"480\" data-mobile_size=\"50\" style=\"height: 70px;\"><\/div><div class=\"dfd-heading-shortcode\"><div class=\"dfd-heading-module-wrap  text-left style_01 cr-animate-gen dfd-heading-69e5a6a510c48 dfd-disable-resposive-headings\" id=\"dfd-heading-69e5a6a510c48\" data-animate-type = \"transition.slideLeftBigIn\" ><div class=\"inline-block\"><div class=\"dfd-heading-module\"><div class=\"widget-title dfd-title block-title\" style=\"font-family:Montserrat; font-weight:400; font-style:normal; font-size: 11px; font-family: MontserratThinItalic; color: #c39f76 !important; line-height: 11px; letter-spacing: 3px; font-weight:bold; \">OUR FUNDAMENTAL PRINCIPLES<\/div><\/div><\/div><\/div><script type=\"text\/javascript\">\r\n\t\t\t\t\t\t\t\t\t(function($) {\r\n\t\t\t\t\t\t\t\t\t\t$(\"head\").append(\"<style>.dfd-heading-69e5a6a510c48.dfd-heading-module-wrap .dfd-heading-module .dfd-heading-delimiter {margin-top:10px;margin-bottom:10px;}@media only screen and (max-width: 799px) {.dfd-heading-69e5a6a510c48 {text-align: center;}}<\/style>\");\r\n\t\t\t\t\t\t\t\t\t})(jQuery);\r\n\t\t\t\t\t\t\t\t<\/script><\/div><div class=\"dfd-heading-shortcode\"><div class=\"dfd-heading-module-wrap  text-left style_01 cr-animate-gen dfd-heading-69e5a6a510d72 dfd-disable-resposive-headings\" id=\"dfd-heading-69e5a6a510d72\" data-animate-type = \"transition.slideLeftBigIn\" ><div class=\"inline-block\"><div class=\"dfd-heading-module\"><h2 class=\"widget-title dfd-title\" style=\"font-family: MontserratThinItalic; \">BYNAT DESIGN<\/h2><\/div><\/div><\/div><script type=\"text\/javascript\">\r\n\t\t\t\t\t\t\t\t\t(function($) {\r\n\t\t\t\t\t\t\t\t\t\t$(\"head\").append(\"<style>.dfd-heading-69e5a6a510d72.dfd-heading-module-wrap .dfd-heading-module .dfd-heading-delimiter {margin-top:10px;margin-bottom:10px;}@media (max-width: 799px){.dfd-heading-69e5a6a510d72 .dfd-title{font-size: 24px !important;letter-spacing: 0px !important;line-height: 32px !important;}}@media only screen and (max-width: 799px) {.dfd-heading-69e5a6a510d72 {text-align: center;}}<\/style>\");\r\n\t\t\t\t\t\t\t\t\t})(jQuery);\r\n\t\t\t\t\t\t\t\t<\/script><\/div><div class=\"dfd-spacer-module\"  data-units=\"px\" data-wide_resolution=\"1280\" data-wide_size=\"20\" data-normal_resolution=\"1024\" data-normal_size=\"\" data-tablet_resolution=\"800\" data-tablet_size=\"\" data-mobile_resolution=\"480\" data-mobile_size=\"\" style=\"height: 20px;\"><\/div>\n\t<div class=\"wpb_text_column wpb_content_element  wpb_animate_when_almost_visible wpb_fadeIn fadeIn cr-animate-gen\" data-animate-type = \"transition.slideUpIn\" >\n\t\t<div class=\"wpb_wrapper\">\n\t\t\t<p>At the heart of our <strong>interior design<\/strong>We are guided by a set of essential principles: professionalism, commitment and aesthetics are at the heart of our approach. Our commitment to customer satisfaction is an unwavering priority.<\/p>\n<p>The BYNAT DESIGN team is made up of a variety of professionals, including a sales manager and an interior design assistant.<\/p>\n<p>Our commitment to excellence, attention to detail and customer satisfaction are at the heart of our work.<br \/>\nEntrust us with your projects, and we'll transform your spaces into places of beauty.<\/p>\n\n\t\t<\/div> \n\t<\/div> <div class=\"dfd-spacer-module\"  data-units=\"px\" data-wide_resolution=\"1280\" data-wide_size=\"30\" data-normal_resolution=\"1024\" data-normal_size=\"30\" data-tablet_resolution=\"800\" data-tablet_size=\"29\" data-mobile_resolution=\"480\" data-mobile_size=\"28\" style=\"height: 30px;\"><\/div><div id=\"dfd-button-gradient69e5a6a511079-2996\" class=\"dfd-button-gradient-module-wrap\"><div class=\"dfd-button-module  style-2 normal text-center\"  data-animate=\"1\"  data-animate-type=\"transition.slideUpBigIn\" ><a href=\"https:\/\/bynatdesign.fr\/en\/realisations\/\" title=\"Achievements\"  class=\"dfd-button-link  dfd-slide-left\"><span class=\"dfd-button-inner-cover\"><span class=\"dfd-button-text-main\" style=\"\">Discover our achievements<\/span><span class=\"dfd-button-border\"><\/span><\/span><\/a><\/div><script type=\"text\/javascript\">(function($) {$(\"head\").append(\"<style>#dfd-button-gradient69e5a6a511079-2996 .dfd-button-link:not(:hover),#dfd-button-gradient69e5a6a511079-2996.dfd-button-gradient-module-wrap .dfd-button-link.dfd-3d-rotate .dfd-button-inner-cover.front .dfd-button-text-main,#dfd-button-gradient69e5a6a511079-2996.dfd-button-gradient-module-wrap .dfd-button-link:not(:hover) .featured-icon {color: #ffffff;}#dfd-button-gradient69e5a6a511079-2996 .dfd-button-link:hover,#dfd-button-gradient69e5a6a511079-2996.dfd-button-gradient-module-wrap .dfd-button-link.dfd-3d-rotate .dfd-button-inner-cover.back .dfd-button-text-main,#dfd-button-gradient69e5a6a511079-2996.dfd-button-gradient-module-wrap .dfd-button-link:hover .featured-icon  {color: #ffffff;}#dfd-button-gradient69e5a6a511079-2996 .dfd-button-link .dfd-button-inner-cover:before,#dfd-button-gradient69e5a6a511079-2996.dfd-button-gradient-module-wrap .dfd-button-link.dfd-fade .dfd-button-inner-cover:before {background: linear-gradient(to right, #000000, #000000);}<\/style>\");})(jQuery);<\/script><\/div><div class=\"dfd-spacer-module\"  data-units=\"px\" data-wide_resolution=\"1280\" data-wide_size=\"70\" data-normal_resolution=\"1024\" data-normal_size=\"50\" data-tablet_resolution=\"800\" data-tablet_size=\"50\" data-mobile_resolution=\"480\" data-mobile_size=\"50\" style=\"height: 70px;\"><\/div>\n\t\t<\/div> \n\t<\/div> \n\n\t<div class=\"six columns vc-column-extra-class-69e5a6a5112fe\" data-parallax_sense=\"30\">\n\t\t<div class=\"wpb_wrapper\">\n\t\t\t\r\n\t<div class=\"wpb_single_image wpb_content_element vc_align_center  wpb_animate_when_almost_visible wpb_slideInDown slideInDown  cr-animate-gen\" data-animate-type = \"transition.slideUpIn\" >\r\n\t\t<div class=\"wpb_wrapper\">\r\n\t\t\t\r\n\t\t\t<div class=\"vc_single_image-wrapper   vc_box_border_grey\" ><img decoding=\"async\" width=\"300\" height=\"507\" src=\"https:\/\/bynatdesign.fr\/wp-content\/uploads\/2023\/06\/logo-bynat-design-black.png\" class=\"vc_single_image-img attachment-full\" alt=\"\u00c0 propos de Bynat Design\" title=\"logo-bynat-design-black\" srcset=\"https:\/\/bynatdesign.fr\/wp-content\/uploads\/2023\/06\/logo-bynat-design-black.png 300w, https:\/\/bynatdesign.fr\/wp-content\/uploads\/2023\/06\/logo-bynat-design-black-178x300.png 178w\" sizes=\"(max-width: 300px) 100vw, 300px\" \/><\/div>\r\n\t\t\t\r\n\t\t<\/div>\r\n\t<\/div>\r\n\n\t\t<\/div> \n\t<\/div> \n<\/div><div class=\"dfd-row-bg-overlay\" style=\"opacity: 0.8;\"><\/div><script type=\"text\/javascript\">(function($) {$(\"head\").append(\"<style>@media (min-width: 800px) and (max-width: 800px) {.vc-row-destroy-equal-heights-69e5a6a51076a.aligh-content-verticaly.mobile-destroy-equal-heights .dfd-vertical-aligned {top: 0;-webkit-transform: translateY(0);-moz-transform: translateY(0);-o-transform: translateY(0); transform: translateY(0);}.vc-row-destroy-equal-heights-69e5a6a51076a.vc-row-wrapper.equal-height-columns > .fp-tableCell > .fp-scrollable > .fp-scroller > .row > .columns,.vc-row-destroy-equal-heights-69e5a6a51076a.vc-row-wrapper.equal-height-columns > .fp-tableCell > .fp-scrollable > .row > .columns,.vc-row-destroy-equal-heights-69e5a6a51076a.vc-row-wrapper.equal-height-columns > .fp-tableCell > .row > .columns {height: auto;}}<\/style>\");})(jQuery);<\/script><\/div><\/section><div class=\"vc_row-full-width vc_clearfix\"><\/div><section class=\"vc_section vc_row-o-full-height vc_section-o-content-middle vc_section-flex\"><div  class=\"vc_row vc-row-wrapper\" data-parallax_sense=\"30\"><div class=\"wpb_row row\" >\n\t<div class=\"twelve columns vc-column-extra-class-69e5a6a51220c\" data-parallax_sense=\"30\">\n\t\t<div class=\"wpb_wrapper\">\n\t\t\t<div class=\"dfd-spacer-module\"  data-units=\"px\" data-wide_resolution=\"1280\" data-wide_size=\"70\" data-normal_resolution=\"1024\" data-normal_size=\"49\" data-tablet_resolution=\"800\" data-tablet_size=\"39\" data-mobile_resolution=\"480\" data-mobile_size=\"39\" style=\"height: 70px;\"><\/div>\n\t\t<\/div> \n\t<\/div> \n<\/div><div class=\"dfd-row-bg-overlay\" style=\"opacity: 0.8;\"><\/div><\/div><div  class=\"vc_row vc-row-wrapper full_width_content_paddings dfd-row-full-height dfd-row-content-middle vc_custom_1693340563090\" data-parallax_sense=\"30\"><div class=\"wpb_row row\" >\n\t<div class=\"three columns vc-column-extra-class-69e5a6a512742 vc_custom_1692283526619\" data-parallax_sense=\"30\">\n\t\t<div class=\"wpb_wrapper\">\n\t\t\t\n\t\t<\/div> \n\t<\/div> \n\n\t<div class=\"six columns vc-column-extra-class-69e5a6a5128df dfd-background-dark vc_custom_1693142489926\" data-parallax_sense=\"30\">\n\t\t<div class=\"wpb_wrapper\">\n\t\t\t<div id=\"lvca-spacer-69e5a6a51296e\" class=\"lvca-spacer\" data-settings='{&quot;desktop_spacing&quot;:&quot;50&quot;,&quot;tablet_spacing&quot;:&quot;30&quot;,&quot;tablet_width&quot;:&quot;960&quot;,&quot;mobile_spacing&quot;:&quot;10&quot;,&quot;mobile_width&quot;:&quot;480&quot;}'><\/div><div class=\"dfd-heading-shortcode\"><div class=\"dfd-heading-module-wrap  text-center style_01 dfd-heading-69e5a6a5129f7 dfd-disable-resposive-headings\" id=\"dfd-heading-69e5a6a5129f7\" ><div class=\"inline-block\"><div class=\"dfd-heading-module\"><h3 class=\"widget-title dfd-title\" style=\"color: #000000 !important; \"><span style=\"color: #ffffff;\">Need for information<\/span><br \/>\n<span style=\"color: #ffffff;\">for renovation or construction?<\/span><\/h3><div class=\"dfd-heading-delimiter dfd-img-lazy-load\"><\/div><\/div><\/div><\/div><script type=\"text\/javascript\">\r\n\t\t\t\t\t\t\t\t\t(function($) {\r\n\t\t\t\t\t\t\t\t\t\t$(\"head\").append(\"<style>.dfd-heading-69e5a6a5129f7.dfd-heading-module-wrap .dfd-heading-module .dfd-heading-delimiter {border-bottom-style:solid;border-bottom-width:1px;width:100px;border-bottom-color:#dddddd;}.dfd-heading-69e5a6a5129f7.dfd-heading-module-wrap .dfd-heading-module .dfd-heading-delimiter {margin-top:10px;margin-bottom:10px;}<\/style>\");\r\n\t\t\t\t\t\t\t\t\t})(jQuery);\r\n\t\t\t\t\t\t\t\t<\/script><\/div><div id=\"lvca-spacer-69e5a6a512a8e\" class=\"lvca-spacer\" data-settings='{&quot;desktop_spacing&quot;:50,&quot;tablet_spacing&quot;:30,&quot;tablet_width&quot;:960,&quot;mobile_spacing&quot;:10,&quot;mobile_width&quot;:480}'><\/div><div id=\"dfd-button-gradient69e5a6a512b3d-9428\" class=\"dfd-button-gradient-module-wrap\"><div class=\"dfd-button-module  style-2 normal text-center\"  data-animate=\"1\"  data-animate-type=\"transition.slideUpBigIn\" ><a href=\"https:\/\/bynatdesign.fr\/en\/contact\/\" title=\"Contact\"  class=\"dfd-button-link  dfd-slide-left\"><span class=\"dfd-button-inner-cover\"><span class=\"dfd-button-text-main\" style=\"\">Contact us<\/span><span class=\"dfd-button-border\"><\/span><\/span><\/a><\/div><script type=\"text\/javascript\">(function($) {$(\"head\").append(\"<style>#dfd-button-gradient69e5a6a512b3d-9428 .dfd-button-link:not(:hover),#dfd-button-gradient69e5a6a512b3d-9428.dfd-button-gradient-module-wrap .dfd-button-link.dfd-3d-rotate .dfd-button-inner-cover.front .dfd-button-text-main,#dfd-button-gradient69e5a6a512b3d-9428.dfd-button-gradient-module-wrap .dfd-button-link:not(:hover) .featured-icon {color: #000000;}#dfd-button-gradient69e5a6a512b3d-9428 .dfd-button-link:hover,#dfd-button-gradient69e5a6a512b3d-9428.dfd-button-gradient-module-wrap .dfd-button-link.dfd-3d-rotate .dfd-button-inner-cover.back .dfd-button-text-main,#dfd-button-gradient69e5a6a512b3d-9428.dfd-button-gradient-module-wrap .dfd-button-link:hover .featured-icon  {color: #ffffff;}#dfd-button-gradient69e5a6a512b3d-9428 .dfd-button-link .dfd-button-inner-cover:before,#dfd-button-gradient69e5a6a512b3d-9428.dfd-button-gradient-module-wrap .dfd-button-link.dfd-fade .dfd-button-inner-cover:before {background: linear-gradient(to right, #ffffff, #ffffff);}<\/style>\");})(jQuery);<\/script><\/div>\n\t\t<\/div> \n\t<\/div> \n\n\t<div class=\"three columns vc-column-extra-class-69e5a6a512d16\" data-parallax_sense=\"30\">\n\t\t<div class=\"wpb_wrapper\">\n\t\t\t\n\t\t<\/div> \n\t<\/div> \n<\/div><div class=\"dfd-row-bg-overlay\" style=\"opacity: 0.8;\"><\/div><\/div><\/section>\n<\/div>","protected":false},"excerpt":{"rendered":"MA PASSION\u00c0 propos de moi Je suis Natacha, mari\u00e9e et m\u00e8re de trois enfants, et ma passion pour la d\u00e9coration a grandi au fil des ans, depuis mon enfance. Elle","protected":false},"author":1,"featured_media":0,"parent":0,"menu_order":0,"comment_status":"closed","ping_status":"closed","template":"page-custom.php","meta":{"inline_featured_image":false,"footnotes":""},"class_list":["post-599","page","type-page","status-publish","hentry"],"_links":{"self":[{"href":"https:\/\/bynatdesign.fr\/en\/wp-json\/wp\/v2\/pages\/599","targetHints":{"allow":["GET"]}}],"collection":[{"href":"https:\/\/bynatdesign.fr\/en\/wp-json\/wp\/v2\/pages"}],"about":[{"href":"https:\/\/bynatdesign.fr\/en\/wp-json\/wp\/v2\/types\/page"}],"author":[{"embeddable":true,"href":"https:\/\/bynatdesign.fr\/en\/wp-json\/wp\/v2\/users\/1"}],"replies":[{"embeddable":true,"href":"https:\/\/bynatdesign.fr\/en\/wp-json\/wp\/v2\/comments?post=599"}],"version-history":[{"count":32,"href":"https:\/\/bynatdesign.fr\/en\/wp-json\/wp\/v2\/pages\/599\/revisions"}],"predecessor-version":[{"id":4487,"href":"https:\/\/bynatdesign.fr\/en\/wp-json\/wp\/v2\/pages\/599\/revisions\/4487"}],"wp:attachment":[{"href":"https:\/\/bynatdesign.fr\/en\/wp-json\/wp\/v2\/media?parent=599"}],"curies":[{"name":"wp","href":"https:\/\/api.w.org\/{rel}","templated":true}]}}