{"id":3334,"date":"2023-08-24T18:49:44","date_gmt":"2023-08-24T16:49:44","guid":{"rendered":"https:\/\/bynatdesign.fr\/simulateur%20de%20projet"},"modified":"2023-10-31T10:48:46","modified_gmt":"2023-10-31T09:48:46","slug":"simulateur-de-projet","status":"publish","type":"page","link":"https:\/\/bynatdesign.fr\/en\/simulateur-de-projet\/","title":{"rendered":"Project simulator"},"content":{"rendered":"<div class=\"wpb-content-wrapper\"><div  class=\"vc_row vc-row-wrapper \" data-parallax_sense=\"30\"><div class=\"wpb_row row\" >\n\t<div class=\"twelve columns vc-column-extra-class-69e5bbcba5c74\" data-parallax_sense=\"30\">\n\t\t<div class=\"wpb_wrapper\">\n\t\t\t<div id=\"lvca-spacer-69e5bbcba5d17\" class=\"lvca-spacer\" data-settings='{&quot;desktop_spacing&quot;:50,&quot;tablet_spacing&quot;:30,&quot;tablet_width&quot;:960,&quot;mobile_spacing&quot;:10,&quot;mobile_width&quot;:480}'><\/div><div class=\"dfd-heading-shortcode\"><div class=\"dfd-heading-module-wrap  text-center style_01 dfd-heading-69e5bbcba5dcd dfd-disable-resposive-headings\" id=\"dfd-heading-69e5bbcba5dcd\" ><div class=\"inline-block\"><div class=\"dfd-heading-module\"><h2 class=\"widget-title dfd-title \" style=\"font-size: 25px; font-style:italic; font-weight:bold; \"><\/p>\n<p style=\"text-align: center;\"><strong><em>Une id\u00e9e sur le co\u00fbt de votre projet ?<\/em><\/strong><\/p>\n<p><\/h2><div class=\"dfd-heading-delimiter dfd-img-lazy-load\"><\/div><\/div><\/div><\/div><script type=\"text\/javascript\">\r\n\t\t\t\t\t\t\t\t\t(function($) {\r\n\t\t\t\t\t\t\t\t\t\t$(\"head\").append(\"<style>.dfd-heading-69e5bbcba5dcd.dfd-heading-module-wrap .dfd-heading-module .dfd-heading-delimiter {border-bottom-style:solid;border-bottom-width:1px;width:100px;border-bottom-color:#dddddd;}.dfd-heading-69e5bbcba5dcd.dfd-heading-module-wrap .dfd-heading-module .dfd-heading-delimiter {margin-top:10px;margin-bottom:10px;}@media (max-width: 1023px) and (min-width: 800px){.dfd-heading-69e5bbcba5dcd .dfd-title{font-size: 24px !important;}}@media (max-width: 799px){.dfd-heading-69e5bbcba5dcd .dfd-title{font-size: 22px !important;line-height: 32px !important;}}<\/style>\");\r\n\t\t\t\t\t\t\t\t\t})(jQuery);\r\n\t\t\t\t\t\t\t\t<\/script><\/div><div class=\"dfd-spacer-module\"  data-units=\"px\" data-wide_resolution=\"1280\" data-wide_size=\"50\" data-normal_resolution=\"1024\" data-normal_size=\"50\" data-tablet_resolution=\"800\" data-tablet_size=\"49\" data-mobile_resolution=\"480\" data-mobile_size=\"50\" style=\"height: 50px;\"><\/div>\n\t<div class=\"wpb_text_column wpb_content_element \" >\n\t\t<div class=\"wpb_wrapper\">\n\t\t\t<p style=\"text-align: center;\">Nous mettons \u00e0 votre disposition le simulateur ci-dessous afin d&rsquo;avoir un tarif* de r\u00e9f\u00e9rence en fonction de votre surface et pack choisi.<\/p>\n<p style=\"text-align: center;\"><em><strong>*Ce prix est donn\u00e9 \u00e0 titre indicatif et peut pr\u00e9senter de l\u00e9g\u00e8res variations en fonction de la complexit\u00e9 des pi\u00e8ces en question.<\/strong><\/em><\/p>\n\n\t\t<\/div> \n\t<\/div> <div class=\"dfd-spacer-module\"  data-units=\"px\" data-wide_resolution=\"1280\" data-wide_size=\"50\" data-normal_resolution=\"1024\" data-normal_size=\"50\" data-tablet_resolution=\"800\" data-tablet_size=\"49\" data-mobile_resolution=\"480\" data-mobile_size=\"50\" style=\"height: 50px;\"><\/div>\n\t\t<\/div> \n\t<\/div> \n<\/div><div class=\"dfd-row-bg-overlay\" style=\"opacity: 0.8;\"><\/div><\/div><section class=\"vc_section\"><div  class=\"vc_row vc-row-wrapper \" data-parallax_sense=\"30\"><div class=\"wpb_row row\" >\n\t<div class=\"two columns vc-column-extra-class-69e5bbcba6a2f\" data-parallax_sense=\"30\">\n\t\t<div class=\"wpb_wrapper\">\n\t\t\t\n\t\t<\/div> \n\t<\/div> \n\n\t<div class=\"eight columns vc-column-extra-class-69e5bbcba6bbe\" data-parallax_sense=\"30\">\n\t\t<div class=\"wpb_wrapper\">\n\t\t\t<div class=\"dfd_tabs_block \" id=\"tabid_69e5bbcba743e\" ><div class=\"vc_tta-container\" data-vc-action=\"collapse\"><div class=\"vc_general vc_tta vc_tta-tabs vc_tta-style-collapse vc_tta-o-shape-group vc_tta-gap-5 vc_tta-tabs-position-top vc_tta-controls-align-center  dfd_tta_tabs show_separator    vc_custom_1692900118113 collapse\"><div class=\"vc_tta-tabs-container\"><ul class=\"vc_tta-tabs-list\"><li class=\"vc_tta-tab vc_active\" data-vc-tab><a href=\"#1692896118066-9fc821f6-c56a\" data-vc-tabs data-vc-container=\".vc_tta\"><span class=\"vc_tta-title-text\">Pack One Piece<\/span><\/a><\/li><li class=\"vc_tta-tab\" data-vc-tab><a href=\"#1695386300962-f7035244-b004\" data-vc-tabs data-vc-container=\".vc_tta\"><span class=\"vc_tta-title-text\">Pack Basic<\/span><\/a><\/li><li class=\"vc_tta-tab\" data-vc-tab><a href=\"#1692896118075-1360f84f-7a39\" data-vc-tabs data-vc-container=\".vc_tta\"><span class=\"vc_tta-title-text\">Pack Confort<\/span><\/a><\/li><li class=\"vc_tta-tab\" data-vc-tab><a href=\"#1692896164181-80b15606-bcd4\" data-vc-tabs data-vc-container=\".vc_tta\"><span class=\"vc_tta-title-text\">Pack Excellence<\/span><\/a><\/li><\/ul><\/div><div class=\"vc_tta-panels-container collapse\"><div class=\"vc_tta-panels\"><div class=\" vc_tta-panel vc_active\" id=\"1692896118066-9fc821f6-c56a\" data-vc-content=\".vc_tta-panel-body\"><div class=\"vc_tta-panel-heading\"><h4 class=\"vc_tta-panel-title\"><a href=\"#1692896118066-9fc821f6-c56a\" data-vc-accordion data-vc-container=\".vc_tta-container\"><span class=\"vc_tta-title-text\">Pack One Piece<\/span><\/a><\/h4><\/div><div class=\"vc_tta-panel-body\">\n\t<div class=\"wpb_text_column wpb_content_element \" >\n\t\t<div class=\"wpb_wrapper\">\n\t\t\t<p>Le pack <strong>One Piece (200\u20ac \/pi\u00e8ce &lt; 30m\u00b2)<\/strong> contient les options suivantes :<\/p>\n<ul>\n<li>Conception de plan 2D et 3D<\/li>\n<li>Am\u00e9nagement et d\u00e9coration<\/li>\n<li>5 photos r\u00e9alistes qualit\u00e9 4K fournies<\/li>\n<\/ul>\n\n\t\t<\/div> \n\t<\/div> <\/div><\/div><div class=\" vc_tta-panel\" id=\"1695386300962-f7035244-b004\" data-vc-content=\".vc_tta-panel-body\"><div class=\"vc_tta-panel-heading\"><h4 class=\"vc_tta-panel-title\"><a href=\"#1695386300962-f7035244-b004\" data-vc-accordion data-vc-container=\".vc_tta-container\"><span class=\"vc_tta-title-text\">Pack Basic<\/span><\/a><\/h4><\/div><div class=\"vc_tta-panel-body\">\n\t<div class=\"wpb_text_column wpb_content_element \" >\n\t\t<div class=\"wpb_wrapper\">\n\t\t\t<p>Le pack <strong>Basic (20\u20ac \/m\u00b2)<\/strong>\u00a0contient les options basiques incluses dans tous les packs :<\/p>\n<ul>\n<li>Conception de plan 2D et 3D<\/li>\n<li>Am\u00e9nagement et d\u00e9coration<\/li>\n<li>+ 5 photos r\u00e9alistes qualit\u00e9 4K fournies pour chacune des pi\u00e8ces<\/li>\n<\/ul>\n\n\t\t<\/div> \n\t<\/div> <\/div><\/div><div class=\" vc_tta-panel\" id=\"1692896118075-1360f84f-7a39\" data-vc-content=\".vc_tta-panel-body\"><div class=\"vc_tta-panel-heading\"><h4 class=\"vc_tta-panel-title\"><a href=\"#1692896118075-1360f84f-7a39\" data-vc-accordion data-vc-container=\".vc_tta-container\"><span class=\"vc_tta-title-text\">Pack Confort<\/span><\/a><\/h4><\/div><div class=\"vc_tta-panel-body\">\n\t<div class=\"wpb_text_column wpb_content_element \" >\n\t\t<div class=\"wpb_wrapper\">\n\t\t\t<p>Le pack <b>Confort <strong>(25\u20ac \/m\u00b2)<\/strong> <\/b>contient les options suivantes :<\/p>\n<ul>\n<li>Conception de plan 2D et 3D<\/li>\n<li>Am\u00e9nagement et d\u00e9coration<\/li>\n<li>10 photos r\u00e9alistes qualit\u00e9 4K fournies pour chacune des pi\u00e8ces<\/li>\n<li>Shopping list<\/li>\n<li>Book descriptif<\/li>\n<\/ul>\n\n\t\t<\/div> \n\t<\/div> <\/div><\/div><div class=\" vc_tta-panel\" id=\"1692896164181-80b15606-bcd4\" data-vc-content=\".vc_tta-panel-body\"><div class=\"vc_tta-panel-heading\"><h4 class=\"vc_tta-panel-title\"><a href=\"#1692896164181-80b15606-bcd4\" data-vc-accordion data-vc-container=\".vc_tta-container\"><span class=\"vc_tta-title-text\">Pack Excellence<\/span><\/a><\/h4><\/div><div class=\"vc_tta-panel-body\">\n\t<div class=\"wpb_text_column wpb_content_element \" >\n\t\t<div class=\"wpb_wrapper\">\n\t\t\t<p>Le pack <b>Excellence <strong>(30\u20ac \/m\u00b2)<\/strong> <\/b>contient les options suivantes :<\/p>\n<ul>\n<li>Conception de plan 2D et 3D<\/li>\n<li>Am\u00e9nagement et d\u00e9coration<\/li>\n<li>1 moodboard par pi\u00e8ce<\/li>\n<li>Shopping list<\/li>\n<li>Book photo<\/li>\n<li>5 photos r\u00e9alistes qualit\u00e9 4K en mode nuit fournies pour chacune des pi\u00e8ces<\/li>\n<li>Book APS \/ APD<\/li>\n<\/ul>\n\n\t\t<\/div> \n\t<\/div> <\/div><\/div><\/div><\/div><\/div><\/div><\/div>\t\r\n<script type=\"text\/javascript\">\r\n\t(function($){\r\n\t\t$('head').append('<style type=\"text\/css\">#tabid_69e5bbcba743e.dfd_tabs_block .vc_tta-tabs:not(.empty_style) .vc_tta-tabs-container .vc_tta-tabs-list li.vc_tta-tab a, #tabid_69e5bbcba743e.dfd_tabs_block .dfd_tta_tabs .vc_tta-panels-container .vc_tta-panels .vc_tta-panel-heading a {border-radius: 0px;}#tabid_69e5bbcba743e.dfd_tabs_block .vc_tta-tabs.classic_empty .vc_tta-tabs-container .vc_tta-tabs-list li.vc_active a {border-radius: 0px;}#tabid_69e5bbcba743e.dfd_tabs_block .vc_tta-tabs .vc_tta-tabs-container .vc_tta-tabs-list li.vc_tta-tab a, #tabid_69e5bbcba743e.dfd_tabs_block .dfd_tta_tabs .vc_tta-panels-container .vc_tta-panels .vc_tta-panel-heading a {border-color: #000000;}#tabid_69e5bbcba743e.dfd_tabs_block .vc_tta-tabs.classic_empty .vc_tta-tabs-container .vc_tta-tabs-list li.vc_active a {border-color: #000000 !important;}#tabid_69e5bbcba743e.dfd_tabs_block .vc_tta-tabs .vc_tta-tabs-container .vc_tta-tabs-list li.vc_tta-tab a, #tabid_69e5bbcba743e.dfd_tabs_block .dfd_tta_tabs .vc_tta-panels-container .vc_tta-panels .vc_tta-panel-heading a {font-size: 18px !important;}#tabid_69e5bbcba743e.dfd_tabs_block .vc_tta-tabs .vc_tta-tabs-container .vc_tta-tabs-list li.vc_tta-tab a, #tabid_69e5bbcba743e.dfd_tabs_block .dfd_tta_tabs .vc_tta-panels-container .vc_tta-panels .vc_tta-panel-heading a {color: #000000;}#tabid_69e5bbcba743e.dfd_tabs_block .vc_tta-tabs .vc_tta-tabs-container .vc_tta-tabs-list li.vc_tta-tab:not(.vc_active) a {background-color: #ffffff !important;}#tabid_69e5bbcba743e.dfd_tabs_block .vc_tta-tabs .vc_tta-tabs-container .vc_tta-tabs-list li.vc_tta-tab a:hover, #tabid_69e5bbcba743e.dfd_tabs_block .dfd_tta_tabs .vc_tta-panels-container .vc_tta-panels .vc_tta-panel-heading a:hover {color: #000000 !important;}#tabid_69e5bbcba743e.dfd_tabs_block .dfd_tta_tabs .vc_tta-tabs-container .vc_tta-tabs-list li.vc_tta-tab a .vc_tta-icon {font-size: 30px !important;}#tabid_69e5bbcba743e.dfd_tabs_block .vc_tta-tabs .vc_tta-tabs-container .vc_tta-tabs-list li.vc_active a {color: #ffffff;}#tabid_69e5bbcba743e.dfd_tabs_block .vc_tta-tabs .vc_tta-tabs-container .vc_tta-tabs-list li.vc_active a:hover {color: #ffffff !important;}#tabid_69e5bbcba743e.dfd_tabs_block .vc_tta-tabs .vc_tta-tabs-container .vc_tta-tabs-list li.vc_tta-tab a,#tabid_69e5bbcba743e.dfd_tabs_block .dfd_tta_tabs .vc_tta-panels-container .vc_tta-panels .vc_tta-panel-heading a {style=&quot;&quot;}#tabid_69e5bbcba743e.dfd_tabs_block .vc_tta-accordion .vc_tta-panel .vc_tta-panel-heading h4 a {style=&quot;&quot;}#tabid_69e5bbcba743e.dfd_tabs_block .vc_tta-accordion .vc_tta-panel.vc_active .vc_tta-panel-heading h4 a, #tabid_69e5bbcba743e.dfd_tabs_block .vc_tta-accordion .vc_tta-panel.vc_active .vc_tta-panel-title a .vc_tta-title-text .accordion_inner_text {color: #ffffff;}#tabid_69e5bbcba743e.dfd_tabs_block .vc_tta-accordion .vc_tta-panel.vc_active .vc_tta-panel-heading h4 a i:before, #tabid_69e5bbcba743e.dfd_tabs_block .vc_tta-accordion .vc_tta-panel.vc_active .vc_tta-panel-heading h4 a i:after {border-color: #ffffff;}#tabid_69e5bbcba743e.dfd_tabs_block .vc_tta-accordion .vc_tta-panel:not(.vc_active) .vc_tta-panel-heading h4 a, #tabid_69e5bbcba743e.dfd_tabs_block .vc_tta-accordion .vc_tta-panel:not(.vc_active) .vc_tta-panel-title a .vc_tta-title-text .accordion_inner_text {color: #000000;}#tabid_69e5bbcba743e.dfd_tabs_block .vc_tta-accordion .vc_tta-panel .vc_tta-panel-heading h4 a i:before, #tabid_69e5bbcba743e.dfd_tabs_block .vc_tta-accordion .vc_tta-panel .vc_tta-panel-heading h4 a i:after {border-color: #000000;}#tabid_69e5bbcba743e.dfd_tabs_block .vc_tta-panel .vc_tta-panel-heading {border-color: #000000;}#tabid_69e5bbcba743e.dfd_tabs_block .vc_tta-accordion .vc_tta-panel:not(.vc_active) .vc_tta-panel-heading {background-color: #ffffff !important;}#tabid_69e5bbcba743e.dfd_tabs_block .vc_tta-accordion .vc_tta-panel:not(.vc_active) .vc_tta-panel-heading, #tabid_69e5bbcba743e.dfd_tabs_block .vc_tta-accordion .vc_tta-panel.vc_active .vc_tta-panel-heading {border-radius: 0px;}#tabid_69e5bbcba743e.dfd_tabs_block .vc_tta-accordion .vc_tta-panel .vc_tta-panel-heading h4 a, #tabid_69e5bbcba743e.dfd_tabs_block .vc_tta-accordion .vc_tta-panel .vc_tta-panel-title a .vc_tta-title-text .accordion_inner_text {font-size: 18px !important;}#tabid_69e5bbcba743e.dfd_tabs_block .vc_tta-accordion .vc_tta-panel:not(.vc_active) .vc_tta-panel-heading h4 a:hover, #tabid_69e5bbcba743e.dfd_tabs_block .vc_tta-accordion .vc_tta-panel:not(.vc_active) .vc_tta-panel-title a .vc_tta-title-text .accordion_inner_text:hover {color: #000000 !important;}#tabid_69e5bbcba743e.dfd_tabs_block .vc_tta-accordion .vc_tta-panel .vc_tta-panel-heading h4 a .vc_tta-icon {font-size: 30px !important;}#tabid_69e5bbcba743e.dfd_tabs_block .dfd_tta_tour .vc_tta-tabs-container .vc_tta-tab a {font-size: 18px !important;}#tabid_69e5bbcba743e.dfd_tabs_block .dfd_tta_tour .vc_tta-tabs-container .vc_tta-tab a .vc_tta-icon {font-size: 30px !important;}#tabid_69e5bbcba743e.dfd_tabs_block .dfd_tta_tour .vc_tta-tabs-container .vc_tta-tab:not(.vc_active) a {background-color: #ffffff;}#tabid_69e5bbcba743e.dfd_tabs_block .dfd_tta_tour .vc_tta-tabs-container .vc_tta-tab:not(.vc_active) a {color: #000000 !important;}#tabid_69e5bbcba743e.dfd_tabs_block .dfd_tta_tour .vc_tta-tabs-container .vc_tta-tab a:before, #tabid_69e5bbcba743e.dfd_tabs_block .dfd_tta_tour .vc_tta-tabs-container .vc_tta-tab a:after {border-color: #000000 !important;}#tabid_69e5bbcba743e.dfd_tabs_block .dfd_tta_tour .vc_tta-tabs-container .vc_tta-tab:not(.vc_active) a:hover {color: #000000 !important;}#tabid_69e5bbcba743e.dfd_tabs_block .dfd_tta_tour .vc_tta-tabs-container .vc_tta-tab.vc_active a {color: #ffffff !important;}#tabid_69e5bbcba743e.dfd_tabs_block .dfd_tta_tour .vc_tta-tabs-container .vc_tta-tab.vc_active a:before, #tabid_69e5bbcba743e.dfd_tabs_block .dfd_tta_tour .vc_tta-tabs-container .vc_tta-tab.vc_active a:after {border-color: #ffffff !important;}#tabid_69e5bbcba743e.dfd_tabs_block .vc_tta-tabs .vc_tta-tabs-container .vc_tta-tabs-list li.vc_tta-tab a,#tabid_69e5bbcba743e.dfd_tabs_block .dfd_tta_tabs .vc_tta-panels-container .vc_tta-panels .vc_tta-panel-heading a  {style=&quot;&quot;}    \/*Separator*\/\\n#tabid_69e5bbcba743e.dfd_tabs_block .dfd_tta_tabs:not(.big_icon) .vc_tta-panels-container:before{\\n\t\ttop:-2.5px !important;\\n    }\\n#tabid_69e5bbcba743e.dfd_tabs_block .dfd_tta_tabs:not(.big_icon) .vc_tta-panels-container:after{\\n\t\tbottom:-2.5px !important;\\n    }\\n<\/style>');\r\n\t\t$(\"#tabid_69e5bbcba743e.dfd_tabs_block .vc_tta-accordion.underline .vc_tta-title-text\").each(function(){\r\n\t\t\tvar accordion_text = $(this).text();\r\n\t\t\t$(this).text(\" \");\r\n\t\t\t$(this).append(\"<div class='accordion_inner_text'>\" + accordion_text + \"<\/div>\");\r\n\t\t});\r\n\r\n\t\t$(\"#tabid_69e5bbcba743e .vc_tta-accordion .vc_tta-panels .vc_tta-panel\").each(function(){\r\n\t\t\tvar $icon = $(this).find(\".vc_tta-icon\");\r\n\t\t\tif($icon[0]){\r\n\t\t\t\t$(this).find(\".vc_tta-panel-title\").addClass(\"hasIcon\");\r\n\t\t\t}\r\n\t\t});\r\n\r\n\t})(jQuery);\r\n<\/script>\n\t\t<\/div> \n\t<\/div> \n\n\t<div class=\"two columns vc-column-extra-class-69e5bbcba85b5\" data-parallax_sense=\"30\">\n\t\t<div class=\"wpb_wrapper\">\n\t\t\t\n\t\t<\/div> \n\t<\/div> \n<\/div><div class=\"dfd-row-bg-overlay\" style=\"opacity: 0.8;\"><\/div><\/div><\/section><section class=\"vc_section\"><div  class=\"vc_row vc-row-wrapper \" data-parallax_sense=\"30\"><div class=\"wpb_row row\" >\n\t<div class=\"twelve columns vc-column-extra-class-69e5bbcba8e02\" data-parallax_sense=\"30\">\n\t\t<div class=\"wpb_wrapper\">\n\t\t\t\n<div class=\"ccb-main-widget \" id=\"ccb_app_3262\" data-calc-id=\"3262\"><\/div>\n\n\t\t<\/div> \n\t<\/div> \n<\/div><div class=\"dfd-row-bg-overlay\" style=\"opacity: 0.8;\"><\/div><\/div><\/section><div  class=\"vc_row vc-row-wrapper \" data-parallax_sense=\"30\"><div class=\"wpb_row row\" >\n\t<div class=\"twelve columns vc-column-extra-class-69e5bbcbad1c5\" data-parallax_sense=\"30\">\n\t\t<div class=\"wpb_wrapper\">\n\t\t\t<div class=\"dfd-spacer-module\"  data-units=\"px\" data-wide_resolution=\"1280\" data-wide_size=\"30\" data-normal_resolution=\"1024\" data-normal_size=\"49\" data-tablet_resolution=\"800\" data-tablet_size=\"50\" data-mobile_resolution=\"480\" data-mobile_size=\"35\" style=\"height: 30px;\"><\/div><div id=\"dfd-button-gradient69e5bbcbad33e-4944\" class=\"dfd-button-gradient-module-wrap\"><div class=\"dfd-button-module  style-2 normal text-center\" ><a href=\"https:\/\/bynatdesign.fr\/contact\/\" title=\"Demande de devis\"  class=\"dfd-button-link  dfd-slide-left\"><span class=\"dfd-button-inner-cover\"><span class=\"dfd-button-text-main\" style=\"\">Demande de devis<\/span><span class=\"dfd-button-border\"><\/span><\/span><\/a><\/div><script type=\"text\/javascript\">(function($) {$(\"head\").append(\"<style>#dfd-button-gradient69e5bbcbad33e-4944 .dfd-button-link:not(:hover),#dfd-button-gradient69e5bbcbad33e-4944.dfd-button-gradient-module-wrap .dfd-button-link.dfd-3d-rotate .dfd-button-inner-cover.front .dfd-button-text-main,#dfd-button-gradient69e5bbcbad33e-4944.dfd-button-gradient-module-wrap .dfd-button-link:not(:hover) .featured-icon {color: #ffffff;}#dfd-button-gradient69e5bbcbad33e-4944 .dfd-button-link:hover,#dfd-button-gradient69e5bbcbad33e-4944.dfd-button-gradient-module-wrap .dfd-button-link.dfd-3d-rotate .dfd-button-inner-cover.back .dfd-button-text-main,#dfd-button-gradient69e5bbcbad33e-4944.dfd-button-gradient-module-wrap .dfd-button-link:hover .featured-icon  {color: #ffffff;}#dfd-button-gradient69e5bbcbad33e-4944 .dfd-button-link .dfd-button-inner-cover:before,#dfd-button-gradient69e5bbcbad33e-4944.dfd-button-gradient-module-wrap .dfd-button-link.dfd-fade .dfd-button-inner-cover:before {background: linear-gradient(to right, #000000, #000000);}<\/style>\");})(jQuery);<\/script><\/div><div class=\"dfd-spacer-module\"  data-units=\"px\" data-wide_resolution=\"1280\" data-wide_size=\"50\" data-normal_resolution=\"1024\" data-normal_size=\"49\" data-tablet_resolution=\"800\" data-tablet_size=\"50\" data-mobile_resolution=\"480\" data-mobile_size=\"35\" style=\"height: 50px;\"><\/div>\n\t\t<\/div> \n\t<\/div> \n<\/div><div class=\"dfd-row-bg-overlay\" style=\"opacity: 0.8;\"><\/div><\/div>\n<\/div>","protected":false},"excerpt":{"rendered":"Une id\u00e9e sur le co\u00fbt de votre projet ? Nous mettons \u00e0 votre disposition le simulateur ci-dessous afin d'avoir un tarif* de r\u00e9f\u00e9rence en fonction de votre surface et pack","protected":false},"author":1,"featured_media":0,"parent":0,"menu_order":0,"comment_status":"closed","ping_status":"closed","template":"page-custom-with-header.php","meta":{"inline_featured_image":false,"footnotes":""},"class_list":["post-3334","page","type-page","status-publish","hentry"],"_links":{"self":[{"href":"https:\/\/bynatdesign.fr\/en\/wp-json\/wp\/v2\/pages\/3334","targetHints":{"allow":["GET"]}}],"collection":[{"href":"https:\/\/bynatdesign.fr\/en\/wp-json\/wp\/v2\/pages"}],"about":[{"href":"https:\/\/bynatdesign.fr\/en\/wp-json\/wp\/v2\/types\/page"}],"author":[{"embeddable":true,"href":"https:\/\/bynatdesign.fr\/en\/wp-json\/wp\/v2\/users\/1"}],"replies":[{"embeddable":true,"href":"https:\/\/bynatdesign.fr\/en\/wp-json\/wp\/v2\/comments?post=3334"}],"version-history":[{"count":9,"href":"https:\/\/bynatdesign.fr\/en\/wp-json\/wp\/v2\/pages\/3334\/revisions"}],"predecessor-version":[{"id":4496,"href":"https:\/\/bynatdesign.fr\/en\/wp-json\/wp\/v2\/pages\/3334\/revisions\/4496"}],"wp:attachment":[{"href":"https:\/\/bynatdesign.fr\/en\/wp-json\/wp\/v2\/media?parent=3334"}],"curies":[{"name":"wp","href":"https:\/\/api.w.org\/{rel}","templated":true}]}}