{"id":2930,"date":"2023-08-16T14:32:31","date_gmt":"2023-08-16T12:32:31","guid":{"rendered":"https:\/\/bynatdesign.fr\/?page_id=2930"},"modified":"2024-08-08T17:03:52","modified_gmt":"2024-08-08T15:03:52","slug":"services-btob","status":"publish","type":"page","link":"https:\/\/bynatdesign.fr\/en\/services-btob\/","title":{"rendered":"Services BtoB"},"content":{"rendered":"<div class=\"wpb-content-wrapper\"><div  class=\"vc_row vc-row-wrapper \" data-parallax_sense=\"30\"><div class=\"wpb_row row\" >\n\t<div class=\"four columns vc-column-extra-class-69e5aa1a0f5bc\" data-parallax_sense=\"30\">\n\t\t<div class=\"wpb_wrapper\">\n\t\t\t\n\t\t<\/div> \n\t<\/div> \n\n\t<div class=\"twelve columns vc-column-extra-class-69e5aa1a0f790\" data-parallax_sense=\"30\">\n\t\t<div class=\"wpb_wrapper\">\n\t\t\t<div id=\"lvca-spacer-69e5aa1a0f823\" class=\"lvca-spacer\" data-settings='{&quot;desktop_spacing&quot;:&quot;50&quot;,&quot;tablet_spacing&quot;:&quot;35&quot;,&quot;tablet_width&quot;:&quot;960&quot;,&quot;mobile_spacing&quot;:&quot;35&quot;,&quot;mobile_width&quot;:&quot;480&quot;}'><\/div><div class=\"dfd-heading-shortcode\"><div class=\"dfd-heading-module-wrap  text-center style_01 dfd-heading-69e5aa1a0f8a3 dfd-disable-resposive-headings\" id=\"dfd-heading-69e5aa1a0f8a3\" ><div class=\"inline-block\"><div class=\"dfd-heading-module\"><h2 class=\"widget-title dfd-title \" style=\"font-size: 25px; \"><\/p>\n<p style=\"text-align: center;\"><strong>Solutions d&rsquo;am\u00e9nagement sur mesure pour les professionnels<\/strong><\/p>\n<p><\/h2><h3 class=\"widget-sub-title dfd-sub-title \" style=\"\">Optimisez vos espaces professionnels avec nos services d'architecture d'int\u00e9rieur innovants et adapt\u00e9s \u00e0 vos besoins sp\u00e9cifiques<\/h3><div class=\"dfd-heading-delimiter dfd-img-lazy-load\"><\/div><\/div><\/div><\/div><script type=\"text\/javascript\">\r\n\t\t\t\t\t\t\t\t\t(function($) {\r\n\t\t\t\t\t\t\t\t\t\t$(\"head\").append(\"<style>.dfd-heading-69e5aa1a0f8a3.dfd-heading-module-wrap .dfd-heading-module .dfd-heading-delimiter {border-bottom-style:solid;border-bottom-width:1px;width:100px;border-bottom-color:#dddddd;}.dfd-heading-69e5aa1a0f8a3.dfd-heading-module-wrap .dfd-heading-module .dfd-heading-delimiter {margin-top:10px;margin-bottom:10px;}@media (max-width: 1023px) and (min-width: 800px){.dfd-heading-69e5aa1a0f8a3 .dfd-title{font-size: 24px !important;}}@media (max-width: 799px){.dfd-heading-69e5aa1a0f8a3 .dfd-title{font-size: 22px !important;}}<\/style>\");\r\n\t\t\t\t\t\t\t\t\t})(jQuery);\r\n\t\t\t\t\t\t\t\t<\/script><\/div><div id=\"lvca-spacer-69e5aa1a0f9a8\" class=\"lvca-spacer\" data-settings='{&quot;desktop_spacing&quot;:&quot;50&quot;,&quot;tablet_spacing&quot;:&quot;35&quot;,&quot;tablet_width&quot;:&quot;960&quot;,&quot;mobile_spacing&quot;:&quot;35&quot;,&quot;mobile_width&quot;:&quot;480&quot;}'><\/div>\n\t\t<\/div> \n\t<\/div> \n\n\t<div class=\"four columns vc-column-extra-class-69e5aa1a0fb8d\" data-parallax_sense=\"30\">\n\t\t<div class=\"wpb_wrapper\">\n\t\t\t\n\t\t<\/div> \n\t<\/div> \n<\/div><div class=\"dfd-row-bg-overlay\" style=\"opacity: 0.8;\"><\/div><\/div><div  class=\"vc_row vc-row-wrapper \" data-parallax_sense=\"30\"><div class=\"wpb_row row\" >\n\t<div class=\"twelve columns vc-column-extra-class-69e5aa1a100c4\" data-parallax_sense=\"30\">\n\t\t<div class=\"wpb_wrapper\">\n\t\t\t\n\t<div class=\"wpb_text_column wpb_content_element  cr-animate-gen\" data-animate-type = \"transition.slideLeftIn\" >\n\t\t<div class=\"wpb_wrapper\">\n\t\t\t<p style=\"text-align: center;\"><span style=\"font-weight: 400;\">Nous proposons des services personnalis\u00e9s en architecture d&rsquo;int\u00e9rieur et d\u00e9coration d\u00e9di\u00e9s aux entreprises. Notre \u00e9quipe excelle dans la conception d&rsquo;environnements professionnels \u00e0 la fois esth\u00e9tiques et fonctionnels, parfaitement adapt\u00e9s aux exigences de chaque soci\u00e9t\u00e9.\u00a0<\/span><\/p>\n<p style=\"text-align: center;\"><span style=\"font-weight: 400;\">Nous privil\u00e9gions l&rsquo;utilisation de mat\u00e9riaux de haute qualit\u00e9 pour garantir un r\u00e9sultat \u00e0 la fois esth\u00e9tiquement plaisant et durable.\u00a0<\/span><\/p>\n<p style=\"text-align: center;\"><span style=\"font-weight: 400;\">Si vous \u00eates un professionnel en qu\u00eate d&rsquo;une solution d&rsquo;am\u00e9nagement int\u00e9rieur sur mesure pour votre entreprise, ou pour valoriser votre image, n&rsquo;h\u00e9sitez pas \u00e0 nous contacter pour d\u00e9couvrir en d\u00e9tail nos prestations<\/span><\/p>\n\n\t\t<\/div> \n\t<\/div> \n\t\t<\/div> \n\t<\/div> \n<\/div><div class=\"dfd-row-bg-overlay\" style=\"opacity: 0.8;\"><\/div><\/div><section class=\"vc_section\"><div  class=\"vc_row vc-row-wrapper \" data-parallax_sense=\"30\"><div class=\"wpb_row row\" >\n\t<div class=\"twelve columns vc-column-extra-class-69e5aa1a10bff\" data-parallax_sense=\"30\">\n\t\t<div class=\"wpb_wrapper\">\n\t\t\t<div class=\"dfd-spacer-module\"  data-units=\"px\" data-wide_resolution=\"1280\" data-wide_size=\"50\" data-normal_resolution=\"1024\" data-normal_size=\"50\" data-tablet_resolution=\"800\" data-tablet_size=\"40\" data-mobile_resolution=\"480\" data-mobile_size=\"40\" style=\"height: 50px;\"><\/div><div id=\"lvca-spacer-69e5aa1a10ced\" class=\"lvca-spacer\" data-settings='{&quot;desktop_spacing&quot;:&quot;50&quot;,&quot;tablet_spacing&quot;:&quot;35&quot;,&quot;tablet_width&quot;:&quot;960&quot;,&quot;mobile_spacing&quot;:&quot;35&quot;,&quot;mobile_width&quot;:&quot;480&quot;}'><\/div><div id=\"dfd-button-gradient69e5aa1a10da4-5964\" class=\"dfd-button-gradient-module-wrap\"><div class=\"dfd-button-module  style-2 normal text-center\"  data-animate=\"1\"  data-animate-type=\"transition.slideDownIn\" ><a href=\"https:\/\/bynatdesign.fr\/contact\/\" title=\"Contactez nous\"  class=\"dfd-button-link  dfd-slide-left\"><span class=\"dfd-button-inner-cover\"><span class=\"dfd-button-text-main\" style=\"\">Demande de renseignement<\/span><span class=\"dfd-button-border\"><\/span><\/span><\/a><\/div><script type=\"text\/javascript\">(function($) {$(\"head\").append(\"<style>#dfd-button-gradient69e5aa1a10da4-5964 .dfd-button-link:not(:hover),#dfd-button-gradient69e5aa1a10da4-5964.dfd-button-gradient-module-wrap .dfd-button-link.dfd-3d-rotate .dfd-button-inner-cover.front .dfd-button-text-main,#dfd-button-gradient69e5aa1a10da4-5964.dfd-button-gradient-module-wrap .dfd-button-link:not(:hover) .featured-icon {color: #ffffff;}#dfd-button-gradient69e5aa1a10da4-5964 .dfd-button-link:hover,#dfd-button-gradient69e5aa1a10da4-5964.dfd-button-gradient-module-wrap .dfd-button-link.dfd-3d-rotate .dfd-button-inner-cover.back .dfd-button-text-main,#dfd-button-gradient69e5aa1a10da4-5964.dfd-button-gradient-module-wrap .dfd-button-link:hover .featured-icon  {color: #ffffff;}#dfd-button-gradient69e5aa1a10da4-5964 .dfd-button-link .dfd-button-inner-cover:before,#dfd-button-gradient69e5aa1a10da4-5964.dfd-button-gradient-module-wrap .dfd-button-link.dfd-fade .dfd-button-inner-cover:before {background: linear-gradient(to right, #000000, #000000);}<\/style>\");})(jQuery);<\/script><\/div><div id=\"lvca-spacer-69e5aa1a10de8\" class=\"lvca-spacer\" data-settings='{&quot;desktop_spacing&quot;:&quot;50&quot;,&quot;tablet_spacing&quot;:&quot;35&quot;,&quot;tablet_width&quot;:&quot;960&quot;,&quot;mobile_spacing&quot;:&quot;35&quot;,&quot;mobile_width&quot;:&quot;480&quot;}'><\/div><div class=\"dfd-spacer-module\"  data-units=\"px\" data-wide_resolution=\"1280\" data-wide_size=\"50\" data-normal_resolution=\"1024\" data-normal_size=\"50\" data-tablet_resolution=\"800\" data-tablet_size=\"30\" data-mobile_resolution=\"480\" data-mobile_size=\"30\" style=\"height: 50px;\"><\/div>\n\t\t<\/div> \n\t<\/div> \n<\/div><div class=\"dfd-row-bg-overlay\" style=\"opacity: 0.8;\"><\/div><\/div><div  class=\"vc_row vc-row-wrapper dfd-row-full-height dfd-row-content-middle vc-row-responsive-69e5aa1a11069\" data-parallax_sense=\"30\"><div class=\"wpb_row row\" >\n\t<div class=\"twelve columns vc-column-extra-class-69e5aa1a1121a\" data-parallax_sense=\"30\">\n\t\t<div class=\"wpb_wrapper\">\n\t\t\t<div class=\"dfd-spacer-module\"  data-units=\"px\" data-wide_resolution=\"1280\" data-wide_size=\"50\" data-normal_resolution=\"1024\" data-normal_size=\"50\" data-tablet_resolution=\"800\" data-tablet_size=\"40\" data-mobile_resolution=\"480\" data-mobile_size=\"40\" style=\"height: 50px;\"><\/div><div class=\"vc-row-wrapper vc_inner vc_row-fluid dfd-inner-row-69e5aa1a11493\"><div class=\"row wpb_row\"><div class=\"vc-column-hover-69e5aa1a116ea columns twelve\"><div class=\"wpb_wrapper\"><div id=\"lvca-spacer-69e5aa1a11749\" class=\"lvca-spacer\" data-settings='{&quot;desktop_spacing&quot;:&quot;50&quot;,&quot;tablet_spacing&quot;:&quot;35&quot;,&quot;tablet_width&quot;:&quot;960&quot;,&quot;mobile_spacing&quot;:&quot;35&quot;,&quot;mobile_width&quot;:&quot;480&quot;}'><\/div><\/div><\/div><\/div><\/div>\n\t<div class=\"wpb_text_column wpb_content_element  vc_custom_1694632026346 wpb_animate_when_almost_visible wpb_slideInUp slideInUp\" >\n\t\t<div class=\"wpb_wrapper\">\n\t\t\t<h2 style=\"text-align: center;\"><em><strong>LES INTERVENANTS DANS LE SECTEUR IMMOBILIER<\/strong><\/em><\/h2>\n<p style=\"text-align: center;\"><span style=\"font-weight: 400; color: #000000;\">Nous proposons notre casque de r\u00e9alit\u00e9 virtuelle (VR) aux professionnels de l&rsquo;immobilier tels que les investisseurs, les agents immobiliers et les promoteurs.\u00a0<\/span><\/p>\n<p style=\"text-align: center;\"><span style=\"font-weight: 400; color: #000000;\">Cet outil est con\u00e7u pour vous assister dans diverses activit\u00e9s, que ce soit pour la pr\u00e9sentation de biens immobiliers \u00e0 des clients potentiels ou pour \u00e9valuer les possibilit\u00e9s de r\u00e9novation en vue d&rsquo;une valorisation future.<\/span><\/p>\n\n\t\t<\/div> \n\t<\/div> <div class=\"dfd-spacer-module\"  data-units=\"px\" data-wide_resolution=\"1280\" data-wide_size=\"50\" data-normal_resolution=\"1024\" data-normal_size=\"50\" data-tablet_resolution=\"800\" data-tablet_size=\"40\" data-mobile_resolution=\"480\" data-mobile_size=\"40\" style=\"height: 50px;\"><\/div><div class=\"vc-row-wrapper vc_inner vc_row-fluid dfd-inner-row-69e5aa1a1198f\"><div class=\"row wpb_row\"><div class=\"vc-column-hover-69e5aa1a11ac9 columns four\"><div class=\"wpb_wrapper\"><\/div><\/div><div class=\"vc-column-hover-69e5aa1a11bb3 columns four\"><div class=\"wpb_wrapper\"><div id=\"lvca-spacer-69e5aa1a11c09\" class=\"lvca-spacer\" data-settings='{&quot;desktop_spacing&quot;:&quot;50&quot;,&quot;tablet_spacing&quot;:&quot;50&quot;,&quot;tablet_width&quot;:&quot;960&quot;,&quot;mobile_spacing&quot;:&quot;50&quot;,&quot;mobile_width&quot;:&quot;480&quot;}'><\/div><div id=\"dfd-button-gradient69e5aa1a11c85-7219\" class=\"dfd-button-gradient-module-wrap\"><div class=\"dfd-button-module  style-2 normal text-center\" ><a href=\"https:\/\/bynatdesign.fr\/contact\/\" title=\"Demande d&#039;information\"  class=\"dfd-button-link  dfd-slide-left\"><span class=\"dfd-button-inner-cover\"><span class=\"dfd-button-text-main\" style=\"\">Demande de devis<\/span><span class=\"dfd-button-border\"><\/span><\/span><\/a><\/div><script type=\"text\/javascript\">(function($) {$(\"head\").append(\"<style>#dfd-button-gradient69e5aa1a11c85-7219 .dfd-button-link:not(:hover),#dfd-button-gradient69e5aa1a11c85-7219.dfd-button-gradient-module-wrap .dfd-button-link.dfd-3d-rotate .dfd-button-inner-cover.front .dfd-button-text-main,#dfd-button-gradient69e5aa1a11c85-7219.dfd-button-gradient-module-wrap .dfd-button-link:not(:hover) .featured-icon {color: #000000;}#dfd-button-gradient69e5aa1a11c85-7219 .dfd-button-link:hover,#dfd-button-gradient69e5aa1a11c85-7219.dfd-button-gradient-module-wrap .dfd-button-link.dfd-3d-rotate .dfd-button-inner-cover.back .dfd-button-text-main,#dfd-button-gradient69e5aa1a11c85-7219.dfd-button-gradient-module-wrap .dfd-button-link:hover .featured-icon  {color: #ffffff;}#dfd-button-gradient69e5aa1a11c85-7219 .dfd-button-link .dfd-button-inner-cover:before,#dfd-button-gradient69e5aa1a11c85-7219.dfd-button-gradient-module-wrap .dfd-button-link.dfd-fade .dfd-button-inner-cover:before {background: linear-gradient(to right, #ffffff, #ffffff);}<\/style>\");})(jQuery);<\/script><\/div><div id=\"lvca-spacer-69e5aa1a11cca\" class=\"lvca-spacer\" data-settings='{&quot;desktop_spacing&quot;:&quot;50&quot;,&quot;tablet_spacing&quot;:&quot;50&quot;,&quot;tablet_width&quot;:&quot;960&quot;,&quot;mobile_spacing&quot;:&quot;50&quot;,&quot;mobile_width&quot;:&quot;480&quot;}'><\/div><div class=\"dfd-spacer-module\"  data-units=\"px\" data-wide_resolution=\"1280\" data-wide_size=\"50\" data-normal_resolution=\"1024\" data-normal_size=\"50\" data-tablet_resolution=\"800\" data-tablet_size=\"40\" data-mobile_resolution=\"480\" data-mobile_size=\"40\" style=\"height: 50px;\"><\/div><\/div><\/div><div class=\"vc-column-hover-69e5aa1a11e3d columns four\"><div class=\"wpb_wrapper\"><\/div><\/div><\/div><\/div>\n\t\t<\/div> \n\t<\/div> \n<\/div><div class=\"dfd-row-bg-wrapper-cover\"><div class=\"dfd-row-bg-wrap dfd-row-bg-image dfd_animated_bg dfd-bg-lazy-load dfd-right-animation\" id=\"dfd-image-bg-69e5aa1a121b8\"  data-direction=\"right\" data-bg-img=\"https:\/\/ml2up345k6li.i.optimole.com\/w:auto\/h:auto\/q:mauto\/process:4212\/id:6dc07cb1611b75fc1961780d4be2f03c\/https:\/\/bynatdesign.fr\/background-pro.jpg\" data-parallax_sense=\"30\" data-mobile_enable=\"1\"><\/div><\/div><div class=\"dfd-row-bg-overlay\" style=\"opacity: 0.8;\"><\/div><script type=\"text\/javascript\">(function($) {$(\"head\").append(\"<style>#dfd-image-bg-69e5aa1a121b8 {background-size: cover;background-attachment: scroll;}@media (max-width: 799px){.vc-row-wrapper.vc-row-responsive-69e5aa1a11069{padding-top: 50px !important;padding-bottom: 50px !important;}}<\/style>\");})(jQuery);<\/script><\/div><div  class=\"vc_row vc-row-wrapper \" data-parallax_sense=\"30\"><div class=\"wpb_row row\" >\n\t<div class=\"twelve columns vc-column-extra-class-69e5aa1a1382e\" data-parallax_sense=\"30\">\n\t\t<div class=\"wpb_wrapper\">\n\t\t\t<div id=\"lvca-spacer-69e5aa1a138a7\" class=\"lvca-spacer\" data-settings='{&quot;desktop_spacing&quot;:&quot;50&quot;,&quot;tablet_spacing&quot;:&quot;35&quot;,&quot;tablet_width&quot;:&quot;960&quot;,&quot;mobile_spacing&quot;:&quot;35&quot;,&quot;mobile_width&quot;:&quot;480&quot;}'><\/div>\n\t\t<\/div> \n\t<\/div> \n<\/div><div class=\"dfd-row-bg-overlay\" style=\"opacity: 0.8;\"><\/div><\/div><\/section><section class=\"vc_section\"><div  class=\"vc_row vc-row-wrapper \" data-parallax_sense=\"30\"><div class=\"wpb_row row\" >\n\t<div class=\"twelve columns vc-column-extra-class-69e5aa1a13f89\" data-parallax_sense=\"30\">\n\t\t<div class=\"wpb_wrapper\">\n\t\t\t<div class=\"dfd-heading-shortcode\"><div class=\"dfd-heading-module-wrap  text-center style_01 dfd-heading-69e5aa1a14084 dfd-disable-resposive-headings\" id=\"dfd-heading-69e5aa1a14084\" ><div class=\"inline-block\"><div class=\"dfd-heading-module\"><h2 class=\"widget-title dfd-title \" style=\"font-size: 25px; \"><\/p>\n<p style=\"text-align: center;\"><em><strong>Exemple de r\u00e9alisations pour les professionnels<\/strong><\/em><\/p>\n<p><\/h2><div class=\"dfd-heading-delimiter dfd-img-lazy-load\"><\/div><\/div><\/div><\/div><script type=\"text\/javascript\">\r\n\t\t\t\t\t\t\t\t\t(function($) {\r\n\t\t\t\t\t\t\t\t\t\t$(\"head\").append(\"<style>.dfd-heading-69e5aa1a14084.dfd-heading-module-wrap .dfd-heading-module .dfd-heading-delimiter {border-bottom-style:solid;border-bottom-width:1px;width:100px;border-bottom-color:#dddddd;}.dfd-heading-69e5aa1a14084.dfd-heading-module-wrap .dfd-heading-module .dfd-heading-delimiter {margin-top:10px;margin-bottom:10px;}@media (max-width: 1023px) and (min-width: 800px){.dfd-heading-69e5aa1a14084 .dfd-title{font-size: 24px !important;}}@media (max-width: 799px){.dfd-heading-69e5aa1a14084 .dfd-title{font-size: 22px !important;}}<\/style>\");\r\n\t\t\t\t\t\t\t\t\t})(jQuery);\r\n\t\t\t\t\t\t\t\t<\/script><\/div><div id=\"lvca-spacer-69e5aa1a14143\" class=\"lvca-spacer\" data-settings='{&quot;desktop_spacing&quot;:50,&quot;tablet_spacing&quot;:30,&quot;tablet_width&quot;:960,&quot;mobile_spacing&quot;:10,&quot;mobile_width&quot;:480}'><\/div>\n\t\t<\/div> \n\t<\/div> \n<\/div><div class=\"dfd-row-bg-overlay\" style=\"opacity: 0.8;\"><\/div><\/div><div  class=\"vc_row vc-row-wrapper \" data-parallax_sense=\"30\"><div class=\"wpb_row row\" >\n\t<div class=\"twelve columns vc-column-extra-class-69e5aa1a14624\" data-parallax_sense=\"30\">\n\t\t<div class=\"wpb_wrapper\">\n\t\t\t<div class=\"dfd-module-wrapper\"><div class=\"dfd-portfolio-loop dfd-portfolio-module  carousel\" id=\"dfd-portfolio-module-69e5aa1a1472f\">\r\n\t<div class=\"dfd-portfolio-wrap\">\r\n\t\t\r\n\t\t<div class=\"dfd-portfolio dfd-portfolio-carousel   \"  data-columns=\"3\" data-layout-style=\"carousel\" data-item=\"project\" data-enable_slideshow=\"true\" data-slideshow_speed=\"5000\">\r\n\t\t\t\t\t\t<div class=\"project dfd-fade-out \" >\r\n\t\t\t\t\t<div class=\"cover text-center\">\r\n\t\t\t\t\t\t\t\t\t\t\t\t<div class=\"entry-thumb \">\r\n\t\t\t\t\t\t\t<img decoding=\"async\" src=\"https:\/\/ml2up345k6li.i.optimole.com\/w:auto\/h:auto\/q:mauto\/process:3869\/id:0ca00cba68d6be682d0400d316c127d1\/https:\/\/bynatdesign.fr\/cover-office.jpg\" alt=\"Office\"\/>\r\n\t\t\t\t\t\t\t\t\t\t\t\t\t\t\r\n<div class=\"portfolio-custom-hover\">\r\n\t\t\t\t<div class=\"title-wrap title-underline\">\r\n\t\t\t\t\t\t\t\t\t<h6 class=\"widget-title\"><a href=\"https:\/\/bynatdesign.fr\/en\/my-product\/office\/\">Office<\/a><\/h6>\r\n\t\t\t\t\t\t\t\t\t\t\t\t\t\t\t\t\t\t\t<h6 class=\"widget-sub-title\">\r\n\t\t\t\t\t\t\tBUREAU\t\t\t\t\t\t<\/h6>\r\n\t\t\t\t\t\t\t\t\t\t\t\t<\/div>\r\n\t\t<div class=\"dfd-folio-icons-wrap\">\r\n\t\t\t\t\t\t\t<a data-rel=\"prettyPhoto[iframe]\" class=\"dfd-icon-full_screen\" href=\"https:\/\/bynatdesign.fr\/en\/my-product\/office\/?iframe=true&amp;width=100%25&amp;height=100%25\"><\/a>\r\n\t\t\t\t\t\t\t<a data-rel=\"prettyPhoto[286569e5aa1a16b35]\" data-thumb=\"https:\/\/ml2up345k6li.i.optimole.com\/w:150\/h:150\/q:mauto\/rt:fill\/g:ce\/process:3869\/id:0ca00cba68d6be682d0400d316c127d1\/https:\/\/bynatdesign.fr\/cover-office.jpg\" class=\"dfd-icon-image\" href=\"https:\/\/ml2up345k6li.i.optimole.com\/w:auto\/h:auto\/q:mauto\/process:3869\/id:0ca00cba68d6be682d0400d316c127d1\/https:\/\/bynatdesign.fr\/cover-office.jpg\"><\/a>\r\n\t\t\t<\/div>\r\n<\/div>\r\n\r\n<div class=\"hide\">\r\n<a href=\"https:\/\/ml2up345k6li.i.optimole.com\/w:auto\/h:auto\/q:mauto\/process:3871\/id:a555b198a1a7d269571537e5d0e0020e\/https:\/\/bynatdesign.fr\/header-office.jpg\" data-thumb=\"https:\/\/ml2up345k6li.i.optimole.com\/w:150\/h:150\/q:mauto\/rt:fill\/g:ce\/process:3871\/id:a555b198a1a7d269571537e5d0e0020e\/https:\/\/bynatdesign.fr\/header-office.jpg\" data-rel=\"prettyPhoto[286569e5aa1a16b35]\"><\/a><a href=\"https:\/\/ml2up345k6li.i.optimole.com\/w:auto\/h:auto\/q:mauto\/process:3872\/id:2125f72338ddeb83e3f2b4bf0427b0c2\/https:\/\/bynatdesign.fr\/office-bynat-design1.jpg\" data-thumb=\"https:\/\/ml2up345k6li.i.optimole.com\/w:150\/h:150\/q:mauto\/rt:fill\/g:ce\/process:3872\/id:2125f72338ddeb83e3f2b4bf0427b0c2\/https:\/\/bynatdesign.fr\/office-bynat-design1.jpg\" data-rel=\"prettyPhoto[286569e5aa1a16b35]\"><\/a><a href=\"https:\/\/ml2up345k6li.i.optimole.com\/w:auto\/h:auto\/q:mauto\/process:3875\/id:f2421c8235d7d11fa3336da850c5b024\/https:\/\/bynatdesign.fr\/office-bynat-design4.jpg\" data-thumb=\"https:\/\/ml2up345k6li.i.optimole.com\/w:150\/h:150\/q:mauto\/rt:fill\/g:ce\/process:3875\/id:f2421c8235d7d11fa3336da850c5b024\/https:\/\/bynatdesign.fr\/office-bynat-design4.jpg\" data-rel=\"prettyPhoto[286569e5aa1a16b35]\"><\/a><a href=\"https:\/\/ml2up345k6li.i.optimole.com\/w:auto\/h:auto\/q:mauto\/process:3874\/id:257c198a56525f3a19fbed8ea18cb7d7\/https:\/\/bynatdesign.fr\/office-bynat-design3.jpg\" data-thumb=\"https:\/\/ml2up345k6li.i.optimole.com\/w:150\/h:150\/q:mauto\/rt:fill\/g:ce\/process:3874\/id:257c198a56525f3a19fbed8ea18cb7d7\/https:\/\/bynatdesign.fr\/office-bynat-design3.jpg\" data-rel=\"prettyPhoto[286569e5aa1a16b35]\"><\/a><a href=\"https:\/\/ml2up345k6li.i.optimole.com\/w:auto\/h:auto\/q:mauto\/process:3872\/id:2125f72338ddeb83e3f2b4bf0427b0c2\/https:\/\/bynatdesign.fr\/office-bynat-design1.jpg\" data-thumb=\"https:\/\/ml2up345k6li.i.optimole.com\/w:150\/h:150\/q:mauto\/rt:fill\/g:ce\/process:3872\/id:2125f72338ddeb83e3f2b4bf0427b0c2\/https:\/\/bynatdesign.fr\/office-bynat-design1.jpg\" data-rel=\"prettyPhoto[286569e5aa1a16b35]\"><\/a><\/div>\r\n\t\t\t\t\t\t<\/div>\r\n\r\n\r\n\t\t\t\t\t\t<div class=\"dfd-folio-heading-wrap\"><div class=\"dfd-folio-categories\">\r\n\t<span class=\"byline category\">\r\n\t\t<a href=\"https:\/\/bynatdesign.fr\/en\/my-product_category\/professionnels\/\" class=\"fn\" >\r\n\t\t\t<span class=\"cat-name\">Professionnels<\/span>\r\n\t\t<\/a>\r\n\t<\/span>\r\n<\/div><div class=\"dfd-blog-title dfd-portfolio-title widget-title\" style=\"\"><a href=\"https:\/\/bynatdesign.fr\/en\/my-product\/office\/\" title=\"Office\">Office<\/a><\/div><\/div>\r\n\t\t\t\t\t\t\t\t\t\t\t<\/div>\r\n\t\t\t\t<\/div>\r\n\t\t\t\t\t\t\t\t<div class=\"project dfd-fade-out \" >\r\n\t\t\t\t\t<div class=\"cover text-center\">\r\n\t\t\t\t\t\t\t\t\t\t\t\t<div class=\"entry-thumb \">\r\n\t\t\t\t\t\t\t<img decoding=\"async\" src=\"https:\/\/ml2up345k6li.i.optimole.com\/w:auto\/h:auto\/q:mauto\/process:3733\/id:c3598267a2ce782b51cda9eec3100823\/https:\/\/bynatdesign.fr\/spa.jpg\" alt=\"Spa de Fabr\u00e8gues\"\/>\r\n\t\t\t\t\t\t\t\t\t\t\t\t\t\t\r\n<div class=\"portfolio-custom-hover\">\r\n\t\t\t\t<div class=\"title-wrap title-underline\">\r\n\t\t\t\t\t\t\t\t\t<h6 class=\"widget-title\"><a href=\"https:\/\/bynatdesign.fr\/en\/my-product\/spa-de-fabregues\/\">Spa de Fabr\u00e8gues<\/a><\/h6>\r\n\t\t\t\t\t\t\t\t\t\t\t\t\t\t\t\t\t\t\t<h6 class=\"widget-sub-title\">\r\n\t\t\t\t\t\t\tSPA\t\t\t\t\t\t<\/h6>\r\n\t\t\t\t\t\t\t\t\t\t\t\t<\/div>\r\n\t\t<div class=\"dfd-folio-icons-wrap\">\r\n\t\t\t\t\t\t\t<a data-rel=\"prettyPhoto[iframe]\" class=\"dfd-icon-full_screen\" href=\"https:\/\/bynatdesign.fr\/en\/my-product\/spa-de-fabregues\/?iframe=true&amp;width=100%25&amp;height=100%25\"><\/a>\r\n\t\t\t\t\t\t\t<a data-rel=\"prettyPhoto[286469e5aa1a1a928]\" data-thumb=\"https:\/\/ml2up345k6li.i.optimole.com\/w:150\/h:150\/q:mauto\/rt:fill\/g:ce\/process:3733\/id:c3598267a2ce782b51cda9eec3100823\/https:\/\/bynatdesign.fr\/spa.jpg\" class=\"dfd-icon-image\" href=\"https:\/\/ml2up345k6li.i.optimole.com\/w:auto\/h:auto\/q:mauto\/process:3733\/id:c3598267a2ce782b51cda9eec3100823\/https:\/\/bynatdesign.fr\/spa.jpg\"><\/a>\r\n\t\t\t<\/div>\r\n<\/div>\r\n\r\n<div class=\"hide\">\r\n<a href=\"https:\/\/ml2up345k6li.i.optimole.com\/w:auto\/h:auto\/q:mauto\/process:3540\/id:10a957d12ffb51182b9f134a2ea8fb51\/https:\/\/bynatdesign.fr\/douche-spa-bynat-design.jpeg\" data-thumb=\"https:\/\/ml2up345k6li.i.optimole.com\/w:150\/h:150\/q:mauto\/rt:fill\/g:ce\/process:3540\/id:10a957d12ffb51182b9f134a2ea8fb51\/https:\/\/bynatdesign.fr\/douche-spa-bynat-design.jpeg\" data-rel=\"prettyPhoto[286469e5aa1a1a928]\"><\/a><a href=\"https:\/\/ml2up345k6li.i.optimole.com\/w:auto\/h:auto\/q:mauto\/process:3543\/id:95357c423d91602fd19f7d78e5a9b117\/https:\/\/bynatdesign.fr\/douche-spa-bynat-design-2-1.jpg\" data-thumb=\"https:\/\/ml2up345k6li.i.optimole.com\/w:150\/h:150\/q:mauto\/rt:fill\/g:ce\/process:3543\/id:95357c423d91602fd19f7d78e5a9b117\/https:\/\/bynatdesign.fr\/douche-spa-bynat-design-2-1.jpg\" data-rel=\"prettyPhoto[286469e5aa1a1a928]\"><\/a><a href=\"https:\/\/ml2up345k6li.i.optimole.com\/w:auto\/h:auto\/q:mauto\/process:3542\/id:322aa4f759b8f8248ccd8a093b63da5d\/https:\/\/bynatdesign.fr\/sdb-spa-bynat-design.jpg\" data-thumb=\"https:\/\/ml2up345k6li.i.optimole.com\/w:150\/h:150\/q:mauto\/rt:fill\/g:ce\/process:3542\/id:322aa4f759b8f8248ccd8a093b63da5d\/https:\/\/bynatdesign.fr\/sdb-spa-bynat-design.jpg\" data-rel=\"prettyPhoto[286469e5aa1a1a928]\"><\/a><a href=\"https:\/\/ml2up345k6li.i.optimole.com\/w:auto\/h:auto\/q:mauto\/process:3541\/id:7d850a68ec73472dd96a97f3e1b27377\/https:\/\/bynatdesign.fr\/salle-privative-spa-bynat-design-1.jpg\" data-thumb=\"https:\/\/ml2up345k6li.i.optimole.com\/w:150\/h:150\/q:mauto\/rt:fill\/g:ce\/process:3541\/id:7d850a68ec73472dd96a97f3e1b27377\/https:\/\/bynatdesign.fr\/salle-privative-spa-bynat-design-1.jpg\" data-rel=\"prettyPhoto[286469e5aa1a1a928]\"><\/a><\/div>\r\n\t\t\t\t\t\t<\/div>\r\n\r\n\r\n\t\t\t\t\t\t<div class=\"dfd-folio-heading-wrap\"><div class=\"dfd-folio-categories\">\r\n\t<span class=\"byline category\">\r\n\t\t<a href=\"https:\/\/bynatdesign.fr\/en\/my-product_category\/professionnels\/\" class=\"fn\" >\r\n\t\t\t<span class=\"cat-name\">Professionnels<\/span>\r\n\t\t<\/a>\r\n\t<\/span>\r\n<\/div><div class=\"dfd-blog-title dfd-portfolio-title widget-title\" style=\"\"><a href=\"https:\/\/bynatdesign.fr\/en\/my-product\/spa-de-fabregues\/\" title=\"Spa de Fabr\u00e8gues\">Spa de Fabr\u00e8gues<\/a><\/div><\/div>\r\n\t\t\t\t\t\t\t\t\t\t\t<\/div>\r\n\t\t\t\t<\/div>\r\n\t\t\t\t\t\t<\/div>\r\n\t<\/div>\r\n<\/div><script type=\"text\/javascript\">\r\n\t\t\t\t\t\t\t\t(function($) {$(\"head\").append(\"<style>#dfd-portfolio-module-69e5aa1a1472f .dfd-portfolio {margin: -10px;}#dfd-portfolio-module-69e5aa1a1472f .dfd-portfolio .cover {padding: 10px;}#dfd-portfolio-module-69e5aa1a1472f.dfd-portfolio-loop .dfd-portfolio .project .cover .dfd-folio-heading-wrap {left: 10px;right: 10px;}<\/style>\");})(jQuery);\r\n\t\t\t\t\t\t\t<\/script><\/div><div id=\"lvca-spacer-69e5aa1a1be50\" class=\"lvca-spacer\" data-settings='{&quot;desktop_spacing&quot;:&quot;50&quot;,&quot;tablet_spacing&quot;:&quot;35&quot;,&quot;tablet_width&quot;:&quot;960&quot;,&quot;mobile_spacing&quot;:&quot;35&quot;,&quot;mobile_width&quot;:&quot;480&quot;}'><\/div>\n\t\t<\/div> \n\t<\/div> \n<\/div><div class=\"dfd-row-bg-overlay\" style=\"opacity: 0.8;\"><\/div><\/div><div  class=\"vc_row vc-row-wrapper \" data-parallax_sense=\"30\"><div class=\"wpb_row row\" >\n\t<div class=\"twelve columns vc-column-extra-class-69e5aa1a1c5e0\" data-parallax_sense=\"30\">\n\t\t<div class=\"wpb_wrapper\">\n\t\t\t\n\t\t<\/div> \n\t<\/div> \n<\/div><div class=\"dfd-row-bg-overlay\" style=\"opacity: 0.8;\"><\/div><\/div><\/section>\n<\/div>","protected":false},"excerpt":{"rendered":"&nbsp; Achievements","protected":false},"author":1,"featured_media":0,"parent":0,"menu_order":0,"comment_status":"closed","ping_status":"closed","template":"page-custom-with-header.php","meta":{"inline_featured_image":false,"footnotes":""},"class_list":["post-2930","page","type-page","status-publish","hentry"],"_links":{"self":[{"href":"https:\/\/bynatdesign.fr\/en\/wp-json\/wp\/v2\/pages\/2930","targetHints":{"allow":["GET"]}}],"collection":[{"href":"https:\/\/bynatdesign.fr\/en\/wp-json\/wp\/v2\/pages"}],"about":[{"href":"https:\/\/bynatdesign.fr\/en\/wp-json\/wp\/v2\/types\/page"}],"author":[{"embeddable":true,"href":"https:\/\/bynatdesign.fr\/en\/wp-json\/wp\/v2\/users\/1"}],"replies":[{"embeddable":true,"href":"https:\/\/bynatdesign.fr\/en\/wp-json\/wp\/v2\/comments?post=2930"}],"version-history":[{"count":119,"href":"https:\/\/bynatdesign.fr\/en\/wp-json\/wp\/v2\/pages\/2930\/revisions"}],"predecessor-version":[{"id":4714,"href":"https:\/\/bynatdesign.fr\/en\/wp-json\/wp\/v2\/pages\/2930\/revisions\/4714"}],"wp:attachment":[{"href":"https:\/\/bynatdesign.fr\/en\/wp-json\/wp\/v2\/media?parent=2930"}],"curies":[{"name":"wp","href":"https:\/\/api.w.org\/{rel}","templated":true}]}}